{"id":86,"date":"2020-01-15T20:22:11","date_gmt":"2020-01-15T19:22:11","guid":{"rendered":"http:\/\/www.vaservito.at\/?page_id=86"},"modified":"2020-01-18T17:33:52","modified_gmt":"2020-01-18T16:33:52","slug":"uli","status":"publish","type":"page","link":"http:\/\/www.vaservito.at\/?page_id=86","title":{"rendered":"Uli Winter"},"content":{"rendered":"\n<p>Cello<\/p>\n\n\n\n<figure class=\"wp-block-image size-large is-resized\"><img fetchpriority=\"high\" decoding=\"async\" src=\"http:\/\/www.vaservito.at\/wp-content\/uploads\/2020\/01\/Uli_Cello-1024x681.jpg\" alt=\"\" class=\"wp-image-134\" width=\"530\" height=\"353\" srcset=\"http:\/\/www.vaservito.at\/wp-content\/uploads\/2020\/01\/Uli_Cello-1024x681.jpg 1024w, http:\/\/www.vaservito.at\/wp-content\/uploads\/2020\/01\/Uli_Cello-300x199.jpg 300w, http:\/\/www.vaservito.at\/wp-content\/uploads\/2020\/01\/Uli_Cello-768x511.jpg 768w, http:\/\/www.vaservito.at\/wp-content\/uploads\/2020\/01\/Uli_Cello-930x620.jpg 930w, http:\/\/www.vaservito.at\/wp-content\/uploads\/2020\/01\/Uli_Cello.jpg 1280w\" sizes=\"(max-width: 530px) 100vw, 530px\" \/><\/figure>\n\n\n\n<hr class=\"wp-block-separator\"\/>\n\n\n\n<p>Von 1983 bis 1995 Saxophonist in verschiedenen Jazzbands bzw. Improvisationsensembles.<br>Seit 1994 Cellist.<\/p>\n\n\n\n<p>Das Ger\u00e4usch, \nKlangfl\u00e4chen, Cluster werden als gleichrangige Mittel um Musik zu \nschaffen verwendet und f\u00fchren zu einer sehr empfindlichen inneren und \n\u00e4u\u00dferen Spannung, ganz wie Ernst Jandl&nbsp; in der zweiten Strophe von&nbsp; \n\u201eMusik\u201c meint:<\/p>\n\n\n\n<p>musik ist gr\u00fcn und was versteht man darunter,<br>was versteht man dar\u00fcber und<br>was steht daneben, <br>ein losgerissener rand,<br>ein abgefeiltes profil,<br>zusammengeleimte ratten,<br>ein frosch als nadelkissen<\/p>\n","protected":false},"excerpt":{"rendered":"<p>Cello Von 1983 bis 1995 Saxophonist in verschiedenen Jazzbands bzw. Improvisationsensembles.Seit 1994 Cellist. Das Ger\u00e4usch, Klangfl\u00e4chen, Cluster werden als gleichrangige Mittel um Musik zu schaffen verwendet und f\u00fchren zu einer sehr empfindlichen inneren und \u00e4u\u00dferen Spannung, ganz wie Ernst Jandl&nbsp; in der zweiten Strophe von&nbsp; \u201eMusik\u201c meint: musik ist gr\u00fcn und was versteht man darunter,was&hellip;&nbsp;<a href=\"http:\/\/www.vaservito.at\/?page_id=86\" class=\"\" rel=\"bookmark\">Weiterlesen &raquo;<span class=\"screen-reader-text\">Uli Winter<\/span><\/a><\/p>\n","protected":false},"author":1,"featured_media":0,"parent":0,"menu_order":0,"comment_status":"closed","ping_status":"closed","template":"","meta":{"neve_meta_sidebar":"full-width","neve_meta_container":"","neve_meta_enable_content_width":"","neve_meta_content_width":0,"neve_meta_title_alignment":"","neve_meta_author_avatar":"","neve_post_elements_order":"","neve_meta_disable_header":"","neve_meta_disable_footer":"on","neve_meta_disable_title":"","footnotes":""},"class_list":["post-86","page","type-page","status-publish","hentry"],"yoast_head":"<!-- This site is optimized with the Yoast SEO plugin v18.0 - https:\/\/yoast.com\/wordpress\/plugins\/seo\/ -->\n<title>Uli Winter - vaservito.at<\/title>\n<meta name=\"robots\" content=\"index, follow, max-snippet:-1, max-image-preview:large, max-video-preview:-1\" \/>\n<link rel=\"canonical\" href=\"http:\/\/www.vaservito.at\/?page_id=86\" \/>\n<meta property=\"og:locale\" content=\"de_DE\" \/>\n<meta property=\"og:type\" content=\"article\" \/>\n<meta property=\"og:title\" content=\"Uli Winter - vaservito.at\" \/>\n<meta property=\"og:description\" content=\"Cello Von 1983 bis 1995 Saxophonist in verschiedenen Jazzbands bzw. Improvisationsensembles.Seit 1994 Cellist. Das Ger\u00e4usch, Klangfl\u00e4chen, Cluster werden als gleichrangige Mittel um Musik zu schaffen verwendet und f\u00fchren zu einer sehr empfindlichen inneren und \u00e4u\u00dferen Spannung, ganz wie Ernst Jandl&nbsp; in der zweiten Strophe von&nbsp; \u201eMusik\u201c meint: musik ist gr\u00fcn und was versteht man darunter,was&hellip;&nbsp;Weiterlesen &raquo;Uli Winter\" \/>\n<meta property=\"og:url\" content=\"http:\/\/www.vaservito.at\/?page_id=86\" \/>\n<meta property=\"og:site_name\" content=\"vaservito.at\" \/>\n<meta property=\"article:modified_time\" content=\"2020-01-18T16:33:52+00:00\" \/>\n<meta property=\"og:image\" content=\"http:\/\/www.vaservito.at\/wp-content\/uploads\/2020\/01\/Uli_Cello-1024x681.jpg\" \/>\n<meta name=\"twitter:card\" content=\"summary_large_image\" \/>\n<script type=\"application\/ld+json\" class=\"yoast-schema-graph\">{\"@context\":\"https:\/\/schema.org\",\"@graph\":[{\"@type\":\"WebSite\",\"@id\":\"http:\/\/www.vaservito.at\/#website\",\"url\":\"http:\/\/www.vaservito.at\/\",\"name\":\"vaservito.at\",\"description\":\"vaservito.at\",\"potentialAction\":[{\"@type\":\"SearchAction\",\"target\":{\"@type\":\"EntryPoint\",\"urlTemplate\":\"http:\/\/www.vaservito.at\/?s={search_term_string}\"},\"query-input\":\"required name=search_term_string\"}],\"inLanguage\":\"de\"},{\"@type\":\"ImageObject\",\"@id\":\"http:\/\/www.vaservito.at\/?page_id=86#primaryimage\",\"inLanguage\":\"de\",\"url\":\"http:\/\/www.vaservito.at\/wp-content\/uploads\/2020\/01\/Uli_Cello.jpg\",\"contentUrl\":\"http:\/\/www.vaservito.at\/wp-content\/uploads\/2020\/01\/Uli_Cello.jpg\",\"width\":1280,\"height\":851},{\"@type\":\"WebPage\",\"@id\":\"http:\/\/www.vaservito.at\/?page_id=86#webpage\",\"url\":\"http:\/\/www.vaservito.at\/?page_id=86\",\"name\":\"Uli Winter - vaservito.at\",\"isPartOf\":{\"@id\":\"http:\/\/www.vaservito.at\/#website\"},\"primaryImageOfPage\":{\"@id\":\"http:\/\/www.vaservito.at\/?page_id=86#primaryimage\"},\"datePublished\":\"2020-01-15T19:22:11+00:00\",\"dateModified\":\"2020-01-18T16:33:52+00:00\",\"breadcrumb\":{\"@id\":\"http:\/\/www.vaservito.at\/?page_id=86#breadcrumb\"},\"inLanguage\":\"de\",\"potentialAction\":[{\"@type\":\"ReadAction\",\"target\":[\"http:\/\/www.vaservito.at\/?page_id=86\"]}]},{\"@type\":\"BreadcrumbList\",\"@id\":\"http:\/\/www.vaservito.at\/?page_id=86#breadcrumb\",\"itemListElement\":[{\"@type\":\"ListItem\",\"position\":1,\"name\":\"Startseite\",\"item\":\"http:\/\/www.vaservito.at\/\"},{\"@type\":\"ListItem\",\"position\":2,\"name\":\"Uli Winter\"}]}]}<\/script>\n<!-- \/ Yoast SEO plugin. -->","yoast_head_json":{"title":"Uli Winter - vaservito.at","robots":{"index":"index","follow":"follow","max-snippet":"max-snippet:-1","max-image-preview":"max-image-preview:large","max-video-preview":"max-video-preview:-1"},"canonical":"http:\/\/www.vaservito.at\/?page_id=86","og_locale":"de_DE","og_type":"article","og_title":"Uli Winter - vaservito.at","og_description":"Cello Von 1983 bis 1995 Saxophonist in verschiedenen Jazzbands bzw. Improvisationsensembles.Seit 1994 Cellist. Das Ger\u00e4usch, Klangfl\u00e4chen, Cluster werden als gleichrangige Mittel um Musik zu schaffen verwendet und f\u00fchren zu einer sehr empfindlichen inneren und \u00e4u\u00dferen Spannung, ganz wie Ernst Jandl&nbsp; in der zweiten Strophe von&nbsp; \u201eMusik\u201c meint: musik ist gr\u00fcn und was versteht man darunter,was&hellip;&nbsp;Weiterlesen &raquo;Uli Winter","og_url":"http:\/\/www.vaservito.at\/?page_id=86","og_site_name":"vaservito.at","article_modified_time":"2020-01-18T16:33:52+00:00","og_image":[{"url":"http:\/\/www.vaservito.at\/wp-content\/uploads\/2020\/01\/Uli_Cello-1024x681.jpg"}],"twitter_card":"summary_large_image","schema":{"@context":"https:\/\/schema.org","@graph":[{"@type":"WebSite","@id":"http:\/\/www.vaservito.at\/#website","url":"http:\/\/www.vaservito.at\/","name":"vaservito.at","description":"vaservito.at","potentialAction":[{"@type":"SearchAction","target":{"@type":"EntryPoint","urlTemplate":"http:\/\/www.vaservito.at\/?s={search_term_string}"},"query-input":"required name=search_term_string"}],"inLanguage":"de"},{"@type":"ImageObject","@id":"http:\/\/www.vaservito.at\/?page_id=86#primaryimage","inLanguage":"de","url":"http:\/\/www.vaservito.at\/wp-content\/uploads\/2020\/01\/Uli_Cello.jpg","contentUrl":"http:\/\/www.vaservito.at\/wp-content\/uploads\/2020\/01\/Uli_Cello.jpg","width":1280,"height":851},{"@type":"WebPage","@id":"http:\/\/www.vaservito.at\/?page_id=86#webpage","url":"http:\/\/www.vaservito.at\/?page_id=86","name":"Uli Winter - vaservito.at","isPartOf":{"@id":"http:\/\/www.vaservito.at\/#website"},"primaryImageOfPage":{"@id":"http:\/\/www.vaservito.at\/?page_id=86#primaryimage"},"datePublished":"2020-01-15T19:22:11+00:00","dateModified":"2020-01-18T16:33:52+00:00","breadcrumb":{"@id":"http:\/\/www.vaservito.at\/?page_id=86#breadcrumb"},"inLanguage":"de","potentialAction":[{"@type":"ReadAction","target":["http:\/\/www.vaservito.at\/?page_id=86"]}]},{"@type":"BreadcrumbList","@id":"http:\/\/www.vaservito.at\/?page_id=86#breadcrumb","itemListElement":[{"@type":"ListItem","position":1,"name":"Startseite","item":"http:\/\/www.vaservito.at\/"},{"@type":"ListItem","position":2,"name":"Uli Winter"}]}]}},"_links":{"self":[{"href":"http:\/\/www.vaservito.at\/index.php?rest_route=\/wp\/v2\/pages\/86","targetHints":{"allow":["GET"]}}],"collection":[{"href":"http:\/\/www.vaservito.at\/index.php?rest_route=\/wp\/v2\/pages"}],"about":[{"href":"http:\/\/www.vaservito.at\/index.php?rest_route=\/wp\/v2\/types\/page"}],"author":[{"embeddable":true,"href":"http:\/\/www.vaservito.at\/index.php?rest_route=\/wp\/v2\/users\/1"}],"replies":[{"embeddable":true,"href":"http:\/\/www.vaservito.at\/index.php?rest_route=%2Fwp%2Fv2%2Fcomments&post=86"}],"version-history":[{"count":4,"href":"http:\/\/www.vaservito.at\/index.php?rest_route=\/wp\/v2\/pages\/86\/revisions"}],"predecessor-version":[{"id":136,"href":"http:\/\/www.vaservito.at\/index.php?rest_route=\/wp\/v2\/pages\/86\/revisions\/136"}],"wp:attachment":[{"href":"http:\/\/www.vaservito.at\/index.php?rest_route=%2Fwp%2Fv2%2Fmedia&parent=86"}],"curies":[{"name":"wp","href":"https:\/\/api.w.org\/{rel}","templated":true}]}}