{"id":84,"date":"2020-01-15T20:21:44","date_gmt":"2020-01-15T19:21:44","guid":{"rendered":"http:\/\/www.vaservito.at\/?page_id=84"},"modified":"2020-01-18T17:34:31","modified_gmt":"2020-01-18T16:34:31","slug":"fredi","status":"publish","type":"page","link":"http:\/\/www.vaservito.at\/?page_id=84","title":{"rendered":"Fredi Pr\u00f6ll"},"content":{"rendered":"\n<p>drums, percussion<\/p>\n\n\n\n<hr class=\"wp-block-separator\"\/>\n\n\n\n<p>Das Verschmelzen von perkussiven Ausdrucksm\u00f6glichkeiten mit den Klangfarben anderer Instrumente.<br>Die Orientierung am Untypischen, Anderen, der Hinzunahme von  verschiedenen Materialien zur Entwicklung der Ger\u00e4uschgrenzg\u00e4nge.  Losl\u00f6sen von herk\u00f6mmlichen Spielweisen und Aufbruch in die eigenen  Welten, um das unendliche Angebot anzunehmen, umzusetzen und in  Improvisationen mit anderen Musikern wieder loszuwerden. <\/p>\n\n\n\n<p>geb. 1969 \u2013 lebt in Ulrichsberg<br> Seit 30 Jahren Mitglied des Jazzatelier Ulrichsberg <br> Schlagzeugausbildung an der Musikschule Schl\u00e4gl<br> Mitwirkung in verschiedenen traditionellen Jazzformationen<br> Seit 1989 Teilnahme an verschiedenen Workshops und Konzentration auf improvisierte Musik.<\/p>\n\n\n\n<figure class=\"wp-block-image size-large is-resized\"><img fetchpriority=\"high\" decoding=\"async\" src=\"http:\/\/www.vaservito.at\/wp-content\/uploads\/2020\/01\/Drumset-SW2-1024x971.jpg\" alt=\"\" class=\"wp-image-127\" width=\"293\" height=\"278\" srcset=\"http:\/\/www.vaservito.at\/wp-content\/uploads\/2020\/01\/Drumset-SW2-1024x971.jpg 1024w, http:\/\/www.vaservito.at\/wp-content\/uploads\/2020\/01\/Drumset-SW2-300x284.jpg 300w, http:\/\/www.vaservito.at\/wp-content\/uploads\/2020\/01\/Drumset-SW2-768x728.jpg 768w, http:\/\/www.vaservito.at\/wp-content\/uploads\/2020\/01\/Drumset-SW2-1536x1456.jpg 1536w, http:\/\/www.vaservito.at\/wp-content\/uploads\/2020\/01\/Drumset-SW2-2048x1942.jpg 2048w\" sizes=\"(max-width: 293px) 100vw, 293px\" \/><\/figure>\n\n\n\n<p class=\"has-small-font-size\">  Bisherige Projekte: <br>&nbsp;&nbsp; 1985&nbsp;&nbsp;&nbsp;&nbsp;&nbsp;&nbsp; <strong>WAGNER \/ PR\u00d6LL<\/strong> (Christian Wagner-git)<br>&nbsp;&nbsp; 1986 &nbsp;&nbsp;&nbsp;&nbsp;&nbsp; <strong>WINTER\/WAGNER\/PR\u00d6LL<\/strong> (, Chistian Wagner-git, Uli Winter-ss, bs) <br>&nbsp;&nbsp; 1987&nbsp;&nbsp;&nbsp;&nbsp;&nbsp;&nbsp; <strong>VA SERVITO BEN FRESCO<\/strong> (Uli Winter-cello)<br>&nbsp;&nbsp; 1991&nbsp;&nbsp;&nbsp;&nbsp;&nbsp;&nbsp; <strong>M\u00dc-JAZZ<\/strong> (<a href=\"https:\/\/web.archive.org\/web\/20160603051602\/https:\/\/myspace.com\/tanjafeichtmairmusic\">Tanja Feichtmair<\/a>-as, Peter Pr\u00f6ll-tb, Winfried Moser-p, <a href=\"https:\/\/web.archive.org\/web\/20160603051602\/http:\/\/web.utanet.at\/aignere7\/frs_manf.htm\">Manfred Schacherl<\/a>-git, viol, Wolfgang Huala-b)<br>&nbsp;&nbsp; 1994&nbsp;&nbsp;&nbsp;&nbsp;&nbsp;&nbsp; <strong>WUF<\/strong> (Wolfgang Gruber-ts, Uli Winter-cello, ss)<br>&nbsp;&nbsp; 1999&nbsp;&nbsp;&nbsp;&nbsp;&nbsp;&nbsp; <strong>FREDI PR\u00d6LL &#8211; SOLO<\/strong><br>&nbsp;&nbsp; 2000&nbsp;&nbsp;&nbsp;&nbsp;&nbsp; &nbsp;<strong>FEICHTMAIR \/ PR\u00d6LL<\/strong> (<a href=\"https:\/\/web.archive.org\/web\/20160603051602\/https:\/\/myspace.com\/tanjafeichtmairmusic\">Tanja Feichtmair<\/a>-as, bcl)<br>&nbsp;&nbsp; 2000 &nbsp; &nbsp; &nbsp; <strong>TRIO GRIGIO heute TRIO NOW!<\/strong>&nbsp;(<a href=\"https:\/\/web.archive.org\/web\/20160603051602\/https:\/\/myspace.com\/tanjafeichtmairmusic\">Tanja Feichtmair<\/a>(as, bcl, voc.), Uli Winter (cello, ss) <br>&nbsp;&nbsp; 2001&nbsp;&nbsp;&nbsp;&nbsp;&nbsp;&nbsp; <strong>LULL <\/strong>(<a href=\"https:\/\/web.archive.org\/web\/20160603051602\/https:\/\/myspace.com\/tanjafeichtmairmusic\">Tanja Feichtmair<\/a>-as,bcl., <a href=\"https:\/\/web.archive.org\/web\/20160603051602\/http:\/\/novotny.klingt.org\/\">Josef Novotny<\/a>-electr., Uli Winter-cello,ss)<br>&nbsp;&nbsp; 2002&nbsp;&nbsp;&nbsp;&nbsp;&nbsp;&nbsp; <strong>LULL PLUS<\/strong> (<a href=\"https:\/\/web.archive.org\/web\/20160603051602\/https:\/\/myspace.com\/tanjafeichtmairmusic\">T. Feichtmair<\/a>-as,bcl, <a href=\"https:\/\/web.archive.org\/web\/20160603051602\/http:\/\/www.wolterwierbos.nl\/\">W. Wierbos<\/a>-tb, <a href=\"https:\/\/web.archive.org\/web\/20160603051602\/http:\/\/john-russell.co.uk\/\">J. Russell<\/a>-git, <a href=\"https:\/\/web.archive.org\/web\/20160603051602\/http:\/\/www.efi.group.shef.ac.uk\/musician\/medwards.html\">J. Edwards<\/a>-b, U. Winter-vc, <a href=\"https:\/\/web.archive.org\/web\/20160603051602\/http:\/\/novotny.klingt.org\/\">Josef Novotny<\/a>-electr.)<br>&nbsp;&nbsp; 2003 &nbsp;&nbsp;&nbsp;&nbsp;&nbsp; <strong>PLASMIC<\/strong> (<a href=\"https:\/\/web.archive.org\/web\/20160603051602\/http:\/\/www.elisabeth-harnik.at\/\">Elisabeth Harnik<\/a>-piano, U. Winter-cello, ss) <br>&nbsp;&nbsp; 2003 &nbsp; &nbsp; &nbsp; <strong>HEINZ \/ WINTER \/ PR\u00d6LL<\/strong> (<a href=\"https:\/\/web.archive.org\/web\/20160603051602\/http:\/\/www.guenter-heinz.de\/\">G\u00fcnter Heinz<\/a>-tb, Uli Winter-cello)<br>&nbsp;&nbsp; 2003&nbsp;&nbsp;&nbsp;&nbsp;&nbsp;&nbsp; <strong>DRESDEN-ENSEMBLE<\/strong> (<a href=\"https:\/\/web.archive.org\/web\/20160603051602\/http:\/\/www.guenter-heinz.de\/\">G\u00fcnter Heinz<\/a>-tb, <a href=\"https:\/\/web.archive.org\/web\/20160603051602\/http:\/\/www.andreas-nordheim.de\/\">Andreas Nordheim<\/a>-tp, Bernd Mast-dr, <a href=\"https:\/\/web.archive.org\/web\/20160603051602\/http:\/\/www.elisabeth-harnik.at\/\">E. Harnik<\/a>-p, Uli Winter-cello)<br>&nbsp;&nbsp; 2003&nbsp;&nbsp;&nbsp;&nbsp;&nbsp;&nbsp; <strong>TRIO GRIGIO+ ATELIER ABSTRAIT<\/strong> (<a href=\"https:\/\/web.archive.org\/web\/20160603051602\/https:\/\/myspace.com\/tanjafeichtmairmusic\">Tanja Feichtmair<\/a>-as, bcl, Uli Winter-cello, Florian&nbsp; Gruber-visuals,sounds,<br>&nbsp;&nbsp;&nbsp;&nbsp;&nbsp;&nbsp;&nbsp;&nbsp;&nbsp;&nbsp;&nbsp;&nbsp;&nbsp;&nbsp;&nbsp;&nbsp;&nbsp; Andreas List-visuals, sounds)<br>&nbsp;&nbsp; 2004&nbsp;&nbsp;&nbsp;&nbsp;&nbsp;&nbsp; <strong>TRIO BROCCOLI<\/strong> (Chrisi Wagner-e-git, Uli Winter-cello)<br>&nbsp;&nbsp; 2004 &nbsp; &nbsp; &nbsp;&nbsp;<strong>NOVOTNY \/ WINTER \/ PR\u00d6LL<\/strong> (<a href=\"https:\/\/web.archive.org\/web\/20160603051602\/http:\/\/novotny.klingt.org\/\">Josef Novotny<\/a>-electr., Uli Winter-cello)&nbsp; <br>&nbsp;&nbsp; 2005&nbsp;&nbsp;&nbsp;&nbsp;&nbsp;&nbsp;<strong> IN-STABIL<\/strong> (Edwin St\u00f6bich-e-git, Wolfgang Gruber-ts, Wolfgang Huala-b) <br>&nbsp;&nbsp; 2005&nbsp;&nbsp;&nbsp;&nbsp;&nbsp;&nbsp;<strong> PLASMIC5<\/strong> (<a href=\"https:\/\/web.archive.org\/web\/20160603051602\/http:\/\/www.elisabeth-harnik.at\/\">Elisabeth Harnik<\/a>-p, Christian Wolfarth-dr, <a href=\"https:\/\/web.archive.org\/web\/20160603051602\/http:\/\/www.christianweber.org\/\">Christian Weber<\/a>-b, Uli Winter-cello)<br>&nbsp;&nbsp; 2005&nbsp;&nbsp;&nbsp;&nbsp;&nbsp;&nbsp; <strong>SOUNDOG<\/strong> (<a href=\"https:\/\/web.archive.org\/web\/20160603051602\/http:\/\/www.elisabeth-harnik.at\/\">Elisabeth Harnik<\/a>-p, clavichord, <a href=\"https:\/\/web.archive.org\/web\/20160603051602\/http:\/\/www.katharinaklement.com\/index.php?id=135\">Katharina Klement<\/a>-p, clavichord, <a href=\"https:\/\/web.archive.org\/web\/20160603051602\/http:\/\/novotny.klingt.org\/\">Josef Novotny<\/a>-elctr, Uli Winter-cello)<br>&nbsp;&nbsp; 2005&nbsp;&nbsp;&nbsp;&nbsp;&nbsp;&nbsp; <strong>SHINEFORM meets VA SERVITO BEN FRESCO<\/strong> (Volker Kagerer-e-b, <a href=\"https:\/\/web.archive.org\/web\/20160603051602\/http:\/\/www.georg-edlinger.com\/\">Georg Edlinger<\/a>-dr, perc, Uli Winter-cello)<br>&nbsp;&nbsp; 2005&nbsp;&nbsp;&nbsp;&nbsp;&nbsp;&nbsp; <strong>DJANGO BROCCOLI<\/strong> (Christian Wagner-e-git, Edwin St\u00f6bich-e-git, Uli Winter-cello)<br>&nbsp;&nbsp; 2006&nbsp;&nbsp;&nbsp;&nbsp;&nbsp;&nbsp; <strong>DIE WIENERBERGER QUARTETT<\/strong> (Hermann Stangassinger-b, Hannes Schweiger-dr, Uli Winter-cello)<br>&nbsp;&nbsp; 2006&nbsp;&nbsp;&nbsp;&nbsp;&nbsp;&nbsp; <strong>KOHLHEPP \/ WINTER \/ PR\u00d6LL<\/strong> (<a href=\"https:\/\/web.archive.org\/web\/20160603051602\/http:\/\/www.nuart.org\/rike-kohlhepp\/\">Rike Kohlhepp<\/a>-viol, Uli Winter-cello)<br>&nbsp;&nbsp; 2006&nbsp;&nbsp;&nbsp;&nbsp;&nbsp;&nbsp; <strong>ENSEMBLE HAMBURG<\/strong> (<a href=\"https:\/\/web.archive.org\/web\/20160603051602\/http:\/\/www.birgit-ulher.de\/\">Birgit Ulher<\/a>-tp, <a href=\"https:\/\/web.archive.org\/web\/20160603051602\/http:\/\/www.schraum.de\/musiker\/scherzberg.html\">Lars Scherzberg<\/a>-ts, <a href=\"https:\/\/web.archive.org\/web\/20160603051602\/http:\/\/www.christophschiller.net\/\">Christoph Schiller<\/a>-spinett, <a href=\"https:\/\/web.archive.org\/web\/20160603051602\/http:\/\/www.heinermetzger.de\/\">Heiner Metzger<\/a>-p, electr)<br>&nbsp;&nbsp; 2007&nbsp;&nbsp;&nbsp;&nbsp;&nbsp;&nbsp; <strong>DIE WIENERBERGER QUARTETT + Olaf Rupp<\/strong> (+Olaf Rupp-git)<br>&nbsp;&nbsp; 2007&nbsp;&nbsp;&nbsp;&nbsp;&nbsp;&nbsp; <strong>2P2S<\/strong> (Nina Polaschegg-b, Hermann Stangassinger-b, Hannes Schweiger dr)<br>&nbsp;&nbsp; 2007&nbsp;&nbsp;&nbsp;&nbsp;&nbsp;&nbsp; <strong>TEB<\/strong> (Stefan Christ-tb, Christian Wagner-e-git, Josef Novotny-electr, p, Uli Winter-cello)<br>&nbsp;&nbsp; 2008&nbsp;&nbsp;&nbsp;&nbsp;&nbsp;&nbsp; <strong>PLASMIC feat. Agnes Heginger<\/strong> (<a href=\"https:\/\/web.archive.org\/web\/20160603051602\/http:\/\/www.agnesheginger.com\/Agnes_Heginger\/Home.html\">Agnes Heginger<\/a>-voc, <a href=\"https:\/\/web.archive.org\/web\/20160603051602\/http:\/\/www.elisabeth-harnik.at\/\">Elisabeth Harnik<\/a>-piano, U. Winter-cello, ss)<br>&nbsp;&nbsp; 2008&nbsp;&nbsp;&nbsp;&nbsp;&nbsp;&nbsp; <strong>CLASSICAL CONFRONTATION<\/strong> (<a href=\"https:\/\/web.archive.org\/web\/20160603051602\/http:\/\/www.stefanheckel.at\/\">Stefan Heckel<\/a>, Martin Kolber, Kristian Musser)<br>&nbsp;&nbsp; 2008&nbsp;&nbsp;&nbsp;&nbsp;&nbsp;&nbsp; <strong>MODULATED WORKS<\/strong> (<a href=\"https:\/\/web.archive.org\/web\/20160603051602\/http:\/\/www.vollath.org\/\">Norbert Vollath<\/a>-cl, bcl, ts, <a href=\"https:\/\/web.archive.org\/web\/20160603051602\/http:\/\/www.georgjanker.de\/\">Georg Janker<\/a>-b, modulenzfrequentator)<br>&nbsp;&nbsp; 2009&nbsp;&nbsp;&nbsp;&nbsp; &nbsp; <strong>PUNCH UP<\/strong> (Hannes Schweiger-dr, Fredi Pr\u00f6ll-dr)<br>&nbsp;&nbsp; 2009&nbsp;&nbsp;&nbsp;&nbsp;&nbsp;&nbsp; <strong>LINZ 09 ORCHESTER<\/strong> (<a href=\"https:\/\/web.archive.org\/web\/20160603051602\/http:\/\/www.bruckner-orchester.at\/3256_DE\">Brucknerorchester Linz<\/a> + Improvisatorern unter der Leitung von <a href=\"https:\/\/web.archive.org\/web\/20160603051602\/http:\/\/ablinger.mur.at\/\">Peter Ablinger<\/a>)<br>&nbsp;&nbsp; 2010&nbsp;&nbsp;&nbsp;&nbsp;&nbsp;&nbsp; <strong>SCHI.VA<\/strong> (<a href=\"https:\/\/web.archive.org\/web\/20160603051602\/http:\/\/www.arch-musik.de\/\">Udo Schindler<\/a>-ss, bcl; Uli Winter-cello)<br>&nbsp;&nbsp; 2011&nbsp;&nbsp;&nbsp;&nbsp;&nbsp;&nbsp; <strong>ASE<\/strong> (Ilse Riedler-reeds, <a href=\"https:\/\/web.archive.org\/web\/20160603051602\/http:\/\/www.agnesheginger.com\/Agnes_Heginger\/Home.html\">Agnes Heginger<\/a>-voc, Hermann Stangassinger-b, Uli Winter-cello)<br>&nbsp;&nbsp; 2012&nbsp;&nbsp;&nbsp;&nbsp;&nbsp;&nbsp; <strong>\/xonAdix\/<\/strong> (<a href=\"https:\/\/web.archive.org\/web\/20160603051602\/http:\/\/www.claudiacervenca.com\/\">Claudia Cervenca<\/a>-voc, <a href=\"https:\/\/web.archive.org\/web\/20160603051602\/http:\/\/rosirehformen.wordpress.com\/\">Rosi Rehformen<\/a>-vc, <a href=\"https:\/\/web.archive.org\/web\/20160603051602\/http:\/\/grrrr.org\/\">Thomas Grill<\/a>-elctr.)<br>&nbsp;&nbsp; 2013&nbsp;&nbsp;&nbsp;&nbsp;&nbsp;&nbsp; <strong>ZROST \/ AICHINGER \/ WINTER \/ PR\u00d6LL<\/strong> (<a href=\"https:\/\/web.archive.org\/web\/20160603051602\/http:\/\/www.oskaraichinger.at\/\">Oskar Aichinger<\/a>-p, Uli Winter-cello, <a href=\"https:\/\/web.archive.org\/web\/20160603051602\/http:\/\/www.triolepschi.at\/martin-zrost.htm\">Martin Zrost<\/a>-cl, as)<br>&nbsp;&nbsp; 2013&nbsp;&nbsp;&nbsp;&nbsp;&nbsp;&nbsp; <strong>ULYSSES<\/strong> (Eva Sixt-sprache, Mike Reisinger-bcl, <a href=\"https:\/\/web.archive.org\/web\/20160603051602\/http:\/\/www.vollath.org\/\">Norbert Vollath<\/a>-cl, bcl, ts, <a href=\"https:\/\/web.archive.org\/web\/20160603051602\/http:\/\/www.georgjanker.de\/\">Georg Janker<\/a>-b)<br>&nbsp;&nbsp; 2014&nbsp;&nbsp;&nbsp;&nbsp;&nbsp;&nbsp; <strong>RUF \/ WEINHUBER \/ WINTER \/ PR\u00d6LL<\/strong> (Christina Ruf-cello, <a href=\"https:\/\/web.archive.org\/web\/20160603051602\/http:\/\/bruckner.klingt.org\/doc\/start.php?naviaktiv=1\">Michael Bruckner-Weinhuber<\/a>-e-git, Uli Winter-cello)<br>&nbsp;&nbsp; 2014&nbsp;&nbsp;&nbsp;&nbsp;&nbsp;&nbsp; <strong>BLU SHUHURU+MODULATED WORKS<\/strong> (Hannes Schmidt-stimme, <a href=\"https:\/\/web.archive.org\/web\/20160603051602\/http:\/\/www.romanbunka.de\/\">Roman Bunka<\/a>-eg\/oud, <a href=\"https:\/\/web.archive.org\/web\/20160603051602\/http:\/\/www.vollath.org\/\">Norbert Vollath<\/a>-ts\/bcl,<br>&nbsp;&nbsp;&nbsp;&nbsp;&nbsp;&nbsp;&nbsp;&nbsp;&nbsp;&nbsp;&nbsp;&nbsp;&nbsp;&nbsp;&nbsp;&nbsp;&nbsp; <a href=\"https:\/\/web.archive.org\/web\/20160603051602\/http:\/\/www.georgjanker.de\/\">Georg Janker<\/a>-b)<br>&nbsp; 2015 &nbsp;&nbsp; &nbsp; &nbsp; <strong>&#8222;ears wide open (ed)&#8220;<\/strong> (Gloria Damian-elektr, G\u00fcnter Albrecht-elektr, Uli Winter-cello)<br>&nbsp; &nbsp;2015&nbsp;&nbsp;&nbsp;&nbsp;&nbsp;&nbsp; <strong>CERVENCA\/JUUN\/PR\u00d6LL <\/strong>(<a href=\"https:\/\/web.archive.org\/web\/20160603051602\/http:\/\/www.claudiacervenca.com\/\">Claudia Cervenca<\/a>-stimme, <a href=\"https:\/\/web.archive.org\/web\/20160603051602\/http:\/\/www.juun.cc\/juun\/index.html\">Juun<\/a>-pianoguts)<br>&nbsp; &nbsp;2015 &nbsp; &nbsp; &nbsp; <strong>JANKER\/PR\u00d6LL<\/strong> (<a href=\"https:\/\/web.archive.org\/web\/20160603051602\/http:\/\/www.georgjanker.de\/\">Georg Janker<\/a>-b, modulenzfrequentator)<br>&nbsp;&nbsp; 2016&nbsp;&nbsp;&nbsp;&nbsp;&nbsp;&nbsp;&nbsp;<strong>TRAMONTANA\/JANKER\/PR\u00d6LL<\/strong> (<a href=\"https:\/\/web.archive.org\/web\/20160603051602\/http:\/\/www.moerderisches-bayern.de\/Sebi.html\">Sebi Tramontana<\/a>-tb, <a href=\"https:\/\/web.archive.org\/web\/20160603051602\/http:\/\/www.georgjanker.de\/\">Georg Janker-<\/a>b, modulenzfrequentator<a href=\"https:\/\/web.archive.org\/web\/20160603051602\/http:\/\/www.georgjanker.de\/\">)<br>&nbsp;<\/a>&nbsp; 2016&nbsp;&nbsp;&nbsp;&nbsp;&nbsp;&nbsp; <strong>FRATTNER\/PR\u00d6LL <\/strong>(Thomas Frattner-tb, p, Fredi Pr\u00f6ll-dr)<br>&nbsp;&nbsp; 2016&nbsp;&nbsp;&nbsp;&nbsp;&nbsp;&nbsp;&nbsp;<strong>WENZEL\/NOVOTNY\/PR\u00d6LL<\/strong> (<a href=\"https:\/\/web.archive.org\/web\/20160603051602\/http:\/\/www.wenzelvoice.de\/\">Bettina Wenzel<\/a>-voc, <a href=\"https:\/\/web.archive.org\/web\/20160603051602\/http:\/\/novotny.klingt.org\/\">Josef Novotny<\/a>-electr.)<br>&nbsp;&nbsp; 2016&nbsp;&nbsp;&nbsp;&nbsp;&nbsp;&nbsp; <strong>DRAUGELATES\/REINPRECHTER\/PR\u00d6LL&nbsp;<\/strong>(<a href=\"https:\/\/web.archive.org\/web\/20160603051602\/https:\/\/www.facebook.com\/anka.draugelates\">Anka Draugelates<\/a>-violin, <a href=\"https:\/\/web.archive.org\/web\/20160603051602\/http:\/\/kiltacx.blogspot.co.at\/\">Kilta Rainprechter<\/a>-tanz)&nbsp;&nbsp;&nbsp;&nbsp;&nbsp;&nbsp;&nbsp;&nbsp;&nbsp;&nbsp; <\/p>\n","protected":false},"excerpt":{"rendered":"<p>drums, percussion Das Verschmelzen von perkussiven Ausdrucksm\u00f6glichkeiten mit den Klangfarben anderer Instrumente.Die Orientierung am Untypischen, Anderen, der Hinzunahme von verschiedenen Materialien zur Entwicklung der Ger\u00e4uschgrenzg\u00e4nge. Losl\u00f6sen von herk\u00f6mmlichen Spielweisen und Aufbruch in die eigenen Welten, um das unendliche Angebot anzunehmen, umzusetzen und in Improvisationen mit anderen Musikern wieder loszuwerden. geb. 1969 \u2013 lebt in Ulrichsberg&hellip;&nbsp;<a href=\"http:\/\/www.vaservito.at\/?page_id=84\" class=\"\" rel=\"bookmark\">Weiterlesen &raquo;<span class=\"screen-reader-text\">Fredi Pr\u00f6ll<\/span><\/a><\/p>\n","protected":false},"author":1,"featured_media":0,"parent":0,"menu_order":0,"comment_status":"closed","ping_status":"closed","template":"","meta":{"neve_meta_sidebar":"full-width","neve_meta_container":"","neve_meta_enable_content_width":"","neve_meta_content_width":0,"neve_meta_title_alignment":"","neve_meta_author_avatar":"","neve_post_elements_order":"","neve_meta_disable_header":"","neve_meta_disable_footer":"on","neve_meta_disable_title":"","footnotes":""},"class_list":["post-84","page","type-page","status-publish","hentry"],"yoast_head":"<!-- This site is optimized with the Yoast SEO plugin v18.0 - https:\/\/yoast.com\/wordpress\/plugins\/seo\/ -->\n<title>Fredi Pr\u00f6ll - vaservito.at<\/title>\n<meta name=\"robots\" content=\"index, follow, max-snippet:-1, max-image-preview:large, max-video-preview:-1\" \/>\n<link rel=\"canonical\" href=\"http:\/\/www.vaservito.at\/?page_id=84\" \/>\n<meta property=\"og:locale\" content=\"de_DE\" \/>\n<meta property=\"og:type\" content=\"article\" \/>\n<meta property=\"og:title\" content=\"Fredi Pr\u00f6ll - vaservito.at\" \/>\n<meta property=\"og:description\" content=\"drums, percussion Das Verschmelzen von perkussiven Ausdrucksm\u00f6glichkeiten mit den Klangfarben anderer Instrumente.Die Orientierung am Untypischen, Anderen, der Hinzunahme von verschiedenen Materialien zur Entwicklung der Ger\u00e4uschgrenzg\u00e4nge. Losl\u00f6sen von herk\u00f6mmlichen Spielweisen und Aufbruch in die eigenen Welten, um das unendliche Angebot anzunehmen, umzusetzen und in Improvisationen mit anderen Musikern wieder loszuwerden. geb. 1969 \u2013 lebt in Ulrichsberg&hellip;&nbsp;Weiterlesen &raquo;Fredi Pr\u00f6ll\" \/>\n<meta property=\"og:url\" content=\"http:\/\/www.vaservito.at\/?page_id=84\" \/>\n<meta property=\"og:site_name\" content=\"vaservito.at\" \/>\n<meta property=\"article:modified_time\" content=\"2020-01-18T16:34:31+00:00\" \/>\n<meta property=\"og:image\" content=\"http:\/\/www.vaservito.at\/wp-content\/uploads\/2020\/01\/Drumset-SW2-1024x971.jpg\" \/>\n<meta name=\"twitter:card\" content=\"summary_large_image\" \/>\n<meta name=\"twitter:label1\" content=\"Gesch\u00e4tzte Lesezeit\" \/>\n\t<meta name=\"twitter:data1\" content=\"5\u00a0Minuten\" \/>\n<script type=\"application\/ld+json\" class=\"yoast-schema-graph\">{\"@context\":\"https:\/\/schema.org\",\"@graph\":[{\"@type\":\"WebSite\",\"@id\":\"http:\/\/www.vaservito.at\/#website\",\"url\":\"http:\/\/www.vaservito.at\/\",\"name\":\"vaservito.at\",\"description\":\"vaservito.at\",\"potentialAction\":[{\"@type\":\"SearchAction\",\"target\":{\"@type\":\"EntryPoint\",\"urlTemplate\":\"http:\/\/www.vaservito.at\/?s={search_term_string}\"},\"query-input\":\"required name=search_term_string\"}],\"inLanguage\":\"de\"},{\"@type\":\"ImageObject\",\"@id\":\"http:\/\/www.vaservito.at\/?page_id=84#primaryimage\",\"inLanguage\":\"de\",\"url\":\"http:\/\/www.vaservito.at\/wp-content\/uploads\/2020\/01\/Drumset-SW2.jpg\",\"contentUrl\":\"http:\/\/www.vaservito.at\/wp-content\/uploads\/2020\/01\/Drumset-SW2.jpg\",\"width\":2354,\"height\":2232},{\"@type\":\"WebPage\",\"@id\":\"http:\/\/www.vaservito.at\/?page_id=84#webpage\",\"url\":\"http:\/\/www.vaservito.at\/?page_id=84\",\"name\":\"Fredi Pr\u00f6ll - vaservito.at\",\"isPartOf\":{\"@id\":\"http:\/\/www.vaservito.at\/#website\"},\"primaryImageOfPage\":{\"@id\":\"http:\/\/www.vaservito.at\/?page_id=84#primaryimage\"},\"datePublished\":\"2020-01-15T19:21:44+00:00\",\"dateModified\":\"2020-01-18T16:34:31+00:00\",\"breadcrumb\":{\"@id\":\"http:\/\/www.vaservito.at\/?page_id=84#breadcrumb\"},\"inLanguage\":\"de\",\"potentialAction\":[{\"@type\":\"ReadAction\",\"target\":[\"http:\/\/www.vaservito.at\/?page_id=84\"]}]},{\"@type\":\"BreadcrumbList\",\"@id\":\"http:\/\/www.vaservito.at\/?page_id=84#breadcrumb\",\"itemListElement\":[{\"@type\":\"ListItem\",\"position\":1,\"name\":\"Startseite\",\"item\":\"http:\/\/www.vaservito.at\/\"},{\"@type\":\"ListItem\",\"position\":2,\"name\":\"Fredi Pr\u00f6ll\"}]}]}<\/script>\n<!-- \/ Yoast SEO plugin. -->","yoast_head_json":{"title":"Fredi Pr\u00f6ll - vaservito.at","robots":{"index":"index","follow":"follow","max-snippet":"max-snippet:-1","max-image-preview":"max-image-preview:large","max-video-preview":"max-video-preview:-1"},"canonical":"http:\/\/www.vaservito.at\/?page_id=84","og_locale":"de_DE","og_type":"article","og_title":"Fredi Pr\u00f6ll - vaservito.at","og_description":"drums, percussion Das Verschmelzen von perkussiven Ausdrucksm\u00f6glichkeiten mit den Klangfarben anderer Instrumente.Die Orientierung am Untypischen, Anderen, der Hinzunahme von verschiedenen Materialien zur Entwicklung der Ger\u00e4uschgrenzg\u00e4nge. Losl\u00f6sen von herk\u00f6mmlichen Spielweisen und Aufbruch in die eigenen Welten, um das unendliche Angebot anzunehmen, umzusetzen und in Improvisationen mit anderen Musikern wieder loszuwerden. geb. 1969 \u2013 lebt in Ulrichsberg&hellip;&nbsp;Weiterlesen &raquo;Fredi Pr\u00f6ll","og_url":"http:\/\/www.vaservito.at\/?page_id=84","og_site_name":"vaservito.at","article_modified_time":"2020-01-18T16:34:31+00:00","og_image":[{"url":"http:\/\/www.vaservito.at\/wp-content\/uploads\/2020\/01\/Drumset-SW2-1024x971.jpg"}],"twitter_card":"summary_large_image","twitter_misc":{"Gesch\u00e4tzte Lesezeit":"5\u00a0Minuten"},"schema":{"@context":"https:\/\/schema.org","@graph":[{"@type":"WebSite","@id":"http:\/\/www.vaservito.at\/#website","url":"http:\/\/www.vaservito.at\/","name":"vaservito.at","description":"vaservito.at","potentialAction":[{"@type":"SearchAction","target":{"@type":"EntryPoint","urlTemplate":"http:\/\/www.vaservito.at\/?s={search_term_string}"},"query-input":"required name=search_term_string"}],"inLanguage":"de"},{"@type":"ImageObject","@id":"http:\/\/www.vaservito.at\/?page_id=84#primaryimage","inLanguage":"de","url":"http:\/\/www.vaservito.at\/wp-content\/uploads\/2020\/01\/Drumset-SW2.jpg","contentUrl":"http:\/\/www.vaservito.at\/wp-content\/uploads\/2020\/01\/Drumset-SW2.jpg","width":2354,"height":2232},{"@type":"WebPage","@id":"http:\/\/www.vaservito.at\/?page_id=84#webpage","url":"http:\/\/www.vaservito.at\/?page_id=84","name":"Fredi Pr\u00f6ll - vaservito.at","isPartOf":{"@id":"http:\/\/www.vaservito.at\/#website"},"primaryImageOfPage":{"@id":"http:\/\/www.vaservito.at\/?page_id=84#primaryimage"},"datePublished":"2020-01-15T19:21:44+00:00","dateModified":"2020-01-18T16:34:31+00:00","breadcrumb":{"@id":"http:\/\/www.vaservito.at\/?page_id=84#breadcrumb"},"inLanguage":"de","potentialAction":[{"@type":"ReadAction","target":["http:\/\/www.vaservito.at\/?page_id=84"]}]},{"@type":"BreadcrumbList","@id":"http:\/\/www.vaservito.at\/?page_id=84#breadcrumb","itemListElement":[{"@type":"ListItem","position":1,"name":"Startseite","item":"http:\/\/www.vaservito.at\/"},{"@type":"ListItem","position":2,"name":"Fredi Pr\u00f6ll"}]}]}},"_links":{"self":[{"href":"http:\/\/www.vaservito.at\/index.php?rest_route=\/wp\/v2\/pages\/84","targetHints":{"allow":["GET"]}}],"collection":[{"href":"http:\/\/www.vaservito.at\/index.php?rest_route=\/wp\/v2\/pages"}],"about":[{"href":"http:\/\/www.vaservito.at\/index.php?rest_route=\/wp\/v2\/types\/page"}],"author":[{"embeddable":true,"href":"http:\/\/www.vaservito.at\/index.php?rest_route=\/wp\/v2\/users\/1"}],"replies":[{"embeddable":true,"href":"http:\/\/www.vaservito.at\/index.php?rest_route=%2Fwp%2Fv2%2Fcomments&post=84"}],"version-history":[{"count":6,"href":"http:\/\/www.vaservito.at\/index.php?rest_route=\/wp\/v2\/pages\/84\/revisions"}],"predecessor-version":[{"id":131,"href":"http:\/\/www.vaservito.at\/index.php?rest_route=\/wp\/v2\/pages\/84\/revisions\/131"}],"wp:attachment":[{"href":"http:\/\/www.vaservito.at\/index.php?rest_route=%2Fwp%2Fv2%2Fmedia&parent=84"}],"curies":[{"name":"wp","href":"https:\/\/api.w.org\/{rel}","templated":true}]}}